{"id":780,"date":"2025-01-18T08:36:47","date_gmt":"2025-01-18T08:36:47","guid":{"rendered":"https:\/\/charifundwp.wowtheme7.com\/?page_id=780"},"modified":"2025-09-26T17:56:20","modified_gmt":"2025-09-26T15:56:20","slug":"about-us","status":"publish","type":"page","link":"https:\/\/signevras.org\/index.php\/about-us\/","title":{"rendered":"\u00c0 propos"},"content":{"rendered":"\t\t<div data-elementor-type=\"wp-page\" data-elementor-id=\"780\" class=\"elementor elementor-780\">\n\t\t\t\t<div class=\"elementor-element elementor-element-7667ed1 e-flex e-con-boxed e-con e-parent\" data-id=\"7667ed1\" data-element_type=\"container\">\n\t\t\t\t\t<div class=\"e-con-inner\">\n\t\t\t\t<div class=\"elementor-element elementor-element-8f03fa1 elementor-absolute elementor-hidden-tablet elementor-hidden-mobile elementor-widget elementor-widget-image\" data-id=\"8f03fa1\" data-element_type=\"widget\" data-settings=\"{&quot;_position&quot;:&quot;absolute&quot;}\" data-widget_type=\"image.default\">\n\t\t\t\t\t\t\t\t\t\t\t\t\t\t\t<img fetchpriority=\"high\" decoding=\"async\" width=\"320\" height=\"339\" src=\"https:\/\/signevras.org\/wp-content\/uploads\/2025\/01\/four-3.png\" class=\"attachment-large size-large wp-image-129\" alt=\"\" srcset=\"https:\/\/signevras.org\/wp-content\/uploads\/2025\/01\/four-3.png 320w, https:\/\/signevras.org\/wp-content\/uploads\/2025\/01\/four-3-283x300.png 283w\" sizes=\"(max-width: 320px) 100vw, 320px\" \/>\t\t\t\t\t\t\t\t\t\t\t\t\t\t\t<\/div>\n\t\t\t\t<div class=\"elementor-element elementor-element-775eeb1 elementor-absolute elementor-widget elementor-widget-image\" data-id=\"775eeb1\" data-element_type=\"widget\" data-settings=\"{&quot;_position&quot;:&quot;absolute&quot;}\" data-widget_type=\"image.default\">\n\t\t\t\t\t\t\t\t\t\t\t\t\t\t\t<img decoding=\"async\" src=\"https:\/\/charifundwp.wowtheme7.com\/wp-content\/uploads\/2025\/01\/parasuit.png\" title=\"\" alt=\"\" loading=\"lazy\" \/>\t\t\t\t\t\t\t\t\t\t\t\t\t\t\t<\/div>\n\t\t<div class=\"elementor-element elementor-element-ced10a0 e-con-full e-flex e-con e-child\" data-id=\"ced10a0\" data-element_type=\"container\">\n\t\t\t\t<div class=\"elementor-element elementor-element-3257b7d elementor-widget elementor-widget-charifund-theme-image-box-widget\" data-id=\"3257b7d\" data-element_type=\"widget\" data-widget_type=\"charifund-theme-image-box-widget.default\">\n\t\t\t\t<div class=\"elementor-widget-container\">\n\t\t\t\t\t\r\n\t\r\n\r\n\t<div class=\"help p-0\">\r\n\t\t<div class=\"help__thumb\">\r\n\t\t\t<div class=\"help__thumb-inner\">\r\n\t\t\t\t<div class=\"thumb-top thumb\">\r\n\t\t\t\t   \r\n\t\t\t\t\t<img decoding=\"async\" src=\"https:\/\/signevras.org\/wp-content\/uploads\/2025\/08\/b6196957-54b6-42c1-8606-dc8e3824f6ce-e1755440297766.jpg\" alt=\"\"\/>\r\n\t\t\t\t\t\t\t\t<\/div>\r\n\t\t\t\t<div class=\"thumb-lg thumb\">\r\n\t\t\t\t\t   \r\n\t\t\t\t\t\t<img decoding=\"async\" src=\"https:\/\/signevras.org\/wp-content\/uploads\/2025\/04\/about_one_lg_1_img.png\" alt=\"\"\/>\r\n\t\t\t\t\t\t\t\t\t\t<div class=\"video-btn-wrapper\">\r\n\t\t\t\t\t\t<a href=\"https:\/\/www.youtube.com\/watch?v=Cn4G2lZ_g2I\" target=\"_blank\"\r\n\t\t\t\t\t\ttitle=\"video Player\" class=\"open-video-popup\">\r\n\t\t\t\t\t\t<i class=\"icon-play\"><\/i>\r\n\t\t\t\t\t\t<\/a>\r\n\t\t\t\t\t<\/div>\r\n\t\t\t\t<\/div>\r\n\t\t\t\t<div class=\"thumb thumb-bottom\">\r\n\t\t\t\t   \r\n\t\t\t\t\t<img decoding=\"async\" src=\"https:\/\/signevras.org\/wp-content\/uploads\/2025\/08\/346b6691-becc-414b-907d-000f8f311fd2-1-e1755440394764.jpg\" alt=\"\"\/>\r\n\t\t\t\t\t\t\t\t<\/div>\r\n\t\t\t\t<div class=\"line\">\r\n\t\t\t\t   \r\n\t\t\t\t\t<img decoding=\"async\" src=\"https:\/\/signevras.org\/wp-content\/uploads\/2025\/04\/about_one_line.png\" alt=\"\"\/>\r\n\t\t\t\t\t\t\t\t<\/div>\r\n\t\t\t\t<div class=\"grid-line\">\r\n\t\t\t\t\t\t\t\t<\/div>\r\n\t\t\t\t<div class=\"vertical-text\">\r\n\t\t\t\t\t<h5>Nous militons pour une <span>inclusion<\/span> r\u00e9elle <\/h5>\r\n\t\t\t\t<\/div>\r\n\t\t\t<\/div>\r\n\t\t<\/div>\r\n\t<\/div>\r\n\r\n\r\n\t\r\n\r\n             \r\n\t\t\t\t\t\t<\/div>\n\t\t\t\t<\/div>\n\t\t\t\t<\/div>\n\t\t<div class=\"elementor-element elementor-element-4620237 e-con-full e-flex e-con e-child\" data-id=\"4620237\" data-element_type=\"container\">\n\t\t\t\t<div class=\"elementor-element elementor-element-4aae447 elementor-align-left elementor-icon-list--layout-traditional elementor-list-item-link-full_width elementor-widget elementor-widget-icon-list\" data-id=\"4aae447\" data-element_type=\"widget\" data-widget_type=\"icon-list.default\">\n\t\t\t\t\t\t\t<ul class=\"elementor-icon-list-items\">\n\t\t\t\t\t\t\t<li class=\"elementor-icon-list-item\">\n\t\t\t\t\t\t\t\t\t\t\t<span class=\"elementor-icon-list-icon\">\n\t\t\t\t\t\t\t<i aria-hidden=\"true\" class=\" icon-donation\"><\/i>\t\t\t\t\t\t<\/span>\n\t\t\t\t\t\t\t\t\t\t<span class=\"elementor-icon-list-text\"><\/span>\n\t\t\t\t\t\t\t\t\t<\/li>\n\t\t\t\t\t\t<\/ul>\n\t\t\t\t\t\t<\/div>\n\t\t\t\t<div class=\"elementor-element elementor-element-47c8349 elementor-widget elementor-widget-charifund-heading-title-widget\" data-id=\"47c8349\" data-element_type=\"widget\" data-widget_type=\"charifund-heading-title-widget.default\">\n\t\t\t\t<div class=\"elementor-widget-container\">\n\t\t\t\t\t\r\n\t\r\n\r\n<div class=\"section__header p-0 m-0\">\r\n\t<h2 class=\"title-animation\">Qui sommes nous ? <\/h2>\r\n<\/div>\r\n\r\n\t\r\n\r\n             \r\n\t\t\t\t\t\t<\/div>\n\t\t\t\t<\/div>\n\t\t\t\t<div class=\"elementor-element elementor-element-c4ac5d9 elementor-widget elementor-widget-heading\" data-id=\"c4ac5d9\" data-element_type=\"widget\" data-widget_type=\"heading.default\">\n\t\t\t\t\t<p class=\"elementor-heading-title elementor-size-default\">SIGNEVRAS ASBL milite pour l\u2019accessibilit\u00e9 et l\u2019inclusion des personnes sourdes et malentendantes dans le domaine de la sant\u00e9 sexuelle.<\/p>\t\t\t\t<\/div>\n\t\t<div class=\"elementor-element elementor-element-d57e7ca e-con-full e-flex e-con e-child\" data-id=\"d57e7ca\" data-element_type=\"container\">\n\t\t\t\t<div class=\"elementor-element elementor-element-afae217 elementor-widget elementor-widget-charifund-theme-icon-box-widget\" data-id=\"afae217\" data-element_type=\"widget\" data-widget_type=\"charifund-theme-icon-box-widget.default\">\n\t\t\t\t<div class=\"elementor-widget-container\">\n\t\t\t\t\t\r\n\t\r\n\r\n\t<div class=\"help p-0 m-0\">\r\n\t\t<div class=\"help__content-icon-group\">\r\n\t\t\t<div class=\"help__content-icon\">\r\n\t\t\t\t<div class=\"thumb\">\r\n\t\t\t\t\t<i class=\" icon-make-donation\"><\/i>\r\n\t\t\t\t<\/div>\r\n\t\t\t\t<div class=\"content\">\r\n\t\t\t\t\t<h6>S\u2019engager pour l\u2019accessibilit\u00e9<\/h6>\r\n\t\t\t\t\t<p>Rendre l\u2019information en sant\u00e9 sexuelle compr\u00e9hensible et inclusive.<\/p>\r\n\t\t\t\t<\/div>\r\n\t\t\t<\/div>\r\n\t\t<\/div>\r\n\t<\/div>\r\n\r\n\r\n\t\r\n\r\n             \r\n\t\t\t\t\t\t<\/div>\n\t\t\t\t<\/div>\n\t\t\t\t<\/div>\n\t\t\t\t<div class=\"elementor-element elementor-element-b56c340 elementor-icon-list--layout-traditional elementor-list-item-link-full_width elementor-widget elementor-widget-icon-list\" data-id=\"b56c340\" data-element_type=\"widget\" data-widget_type=\"icon-list.default\">\n\t\t\t\t\t\t\t<ul class=\"elementor-icon-list-items\">\n\t\t\t\t\t\t\t<li class=\"elementor-icon-list-item\">\n\t\t\t\t\t\t\t\t\t\t\t<span class=\"elementor-icon-list-icon\">\n\t\t\t\t\t\t\t<svg aria-hidden=\"true\" class=\"e-font-icon-svg e-fas-check-circle\" viewBox=\"0 0 512 512\" xmlns=\"http:\/\/www.w3.org\/2000\/svg\"><path d=\"M504 256c0 136.967-111.033 248-248 248S8 392.967 8 256 119.033 8 256 8s248 111.033 248 248zM227.314 387.314l184-184c6.248-6.248 6.248-16.379 0-22.627l-22.627-22.627c-6.248-6.249-16.379-6.249-22.628 0L216 308.118l-70.059-70.059c-6.248-6.248-16.379-6.248-22.628 0l-22.627 22.627c-6.248 6.248-6.248 16.379 0 22.627l104 104c6.249 6.249 16.379 6.249 22.628.001z\"><\/path><\/svg>\t\t\t\t\t\t<\/span>\n\t\t\t\t\t\t\t\t\t\t<span class=\"elementor-icon-list-text\">Nous cr\u00e9ons et diffusons des contenus \u00c9VRAS en Langue des Signes de Belgique Francophone (LSFB).<\/span>\n\t\t\t\t\t\t\t\t\t<\/li>\n\t\t\t\t\t\t\t\t<li class=\"elementor-icon-list-item\">\n\t\t\t\t\t\t\t\t\t\t\t<span class=\"elementor-icon-list-icon\">\n\t\t\t\t\t\t\t<svg aria-hidden=\"true\" class=\"e-font-icon-svg e-fas-check-circle\" viewBox=\"0 0 512 512\" xmlns=\"http:\/\/www.w3.org\/2000\/svg\"><path d=\"M504 256c0 136.967-111.033 248-248 248S8 392.967 8 256 119.033 8 256 8s248 111.033 248 248zM227.314 387.314l184-184c6.248-6.248 6.248-16.379 0-22.627l-22.627-22.627c-6.248-6.249-16.379-6.249-22.628 0L216 308.118l-70.059-70.059c-6.248-6.248-16.379-6.248-22.628 0l-22.627 22.627c-6.248 6.248-6.248 16.379 0 22.627l104 104c6.249 6.249 16.379 6.249 22.628.001z\"><\/path><\/svg>\t\t\t\t\t\t<\/span>\n\t\t\t\t\t\t\t\t\t\t<span class=\"elementor-icon-list-text\">Nous sensibilisons les professionnel\u00b7le\u00b7s et le grand public \u00e0 la culture sourde et aux besoins sp\u00e9cifiques.<\/span>\n\t\t\t\t\t\t\t\t\t<\/li>\n\t\t\t\t\t\t\t\t<li class=\"elementor-icon-list-item\">\n\t\t\t\t\t\t\t\t\t\t\t<span class=\"elementor-icon-list-icon\">\n\t\t\t\t\t\t\t<svg aria-hidden=\"true\" class=\"e-font-icon-svg e-fas-check-circle\" viewBox=\"0 0 512 512\" xmlns=\"http:\/\/www.w3.org\/2000\/svg\"><path d=\"M504 256c0 136.967-111.033 248-248 248S8 392.967 8 256 119.033 8 256 8s248 111.033 248 248zM227.314 387.314l184-184c6.248-6.248 6.248-16.379 0-22.627l-22.627-22.627c-6.248-6.249-16.379-6.249-22.628 0L216 308.118l-70.059-70.059c-6.248-6.248-16.379-6.248-22.628 0l-22.627 22.627c-6.248 6.248-6.248 16.379 0 22.627l104 104c6.249 6.249 16.379 6.249 22.628.001z\"><\/path><\/svg>\t\t\t\t\t\t<\/span>\n\t\t\t\t\t\t\t\t\t\t<span class=\"elementor-icon-list-text\">Nous luttons contre les discriminations et st\u00e9r\u00e9otypes li\u00e9s \u00e0 la surdit\u00e9, au handicap, au genre et \u00e0 l\u2019orientation sexuelle.<\/span>\n\t\t\t\t\t\t\t\t\t<\/li>\n\t\t\t\t\t\t<\/ul>\n\t\t\t\t\t\t<\/div>\n\t\t<div class=\"elementor-element elementor-element-05109f5 e-con-full e-flex e-con e-child\" data-id=\"05109f5\" data-element_type=\"container\">\n\t\t\t\t<div class=\"elementor-element elementor-element-0f9dc97 elementor-widget-mobile__width-inherit elementor-widget elementor-widget-charifund-theme-button-widget\" data-id=\"0f9dc97\" data-element_type=\"widget\" data-widget_type=\"charifund-theme-button-widget.default\">\n\t\t\t\t<div class=\"elementor-widget-container\">\n\t\t\t\t\t\n\t\n\n\t<div class=\"section__cta cta\">\n\t\t<a href=\"https:\/\/signevras.org\/index.php\/contact-us\/\" class=\"btn--primary\">Nous Contacter\t\t<i class=\"fa-solid fa-arrow-right\"><\/i><\/a>\n\t<\/div>\n\n\t\n\n             \n\t\t\t\t\t\t<\/div>\n\t\t\t\t<\/div>\n\t\t\t\t<\/div>\n\t\t\t\t<\/div>\n\t\t\t\t\t<\/div>\n\t\t\t\t<\/div>\n\t\t<div class=\"elementor-element elementor-element-e7f08e1 e-flex e-con-boxed e-con e-parent\" data-id=\"e7f08e1\" data-element_type=\"container\">\n\t\t\t\t\t<div class=\"e-con-inner\">\n\t\t<div class=\"elementor-element elementor-element-8451e36 e-con-full e-flex e-con e-child\" data-id=\"8451e36\" data-element_type=\"container\">\n\t\t\t\t<div class=\"elementor-element elementor-element-8c8f1bd elementor-absolute elementor-hidden-mobile elementor-widget elementor-widget-image\" data-id=\"8c8f1bd\" data-element_type=\"widget\" data-settings=\"{&quot;_position&quot;:&quot;absolute&quot;}\" data-widget_type=\"image.default\">\n\t\t\t\t\t\t\t\t\t\t\t\t\t\t\t<img decoding=\"async\" src=\"https:\/\/charifundwp.wowtheme7.com\/wp-content\/uploads\/2025\/01\/sprade-green.png\" title=\"\" alt=\"\" loading=\"lazy\" \/>\t\t\t\t\t\t\t\t\t\t\t\t\t\t\t<\/div>\n\t\t\t\t<div class=\"elementor-element elementor-element-2125e75 elementor-widget elementor-widget-charifund-heading-title-widget\" data-id=\"2125e75\" data-element_type=\"widget\" data-widget_type=\"charifund-heading-title-widget.default\">\n\t\t\t\t<div class=\"elementor-widget-container\">\n\t\t\t\t\t\r\n\t\r\n\r\n<div class=\"section__header p-0 m-0\">\r\n\t<h2 class=\"title-animation\">Rencontrez notre \u00e9quipe de \n<span>b\u00e9n\u00e9voles<\/span><\/h2>\r\n<\/div>\r\n\r\n\t\r\n\r\n             \r\n\t\t\t\t\t\t<\/div>\n\t\t\t\t<\/div>\n\t\t\t\t<\/div>\n\t\t<div class=\"elementor-element elementor-element-ecb4b99 e-con-full e-flex e-con e-child\" data-id=\"ecb4b99\" data-element_type=\"container\">\n\t\t<div class=\"elementor-element elementor-element-8c4edd5 e-con-full e-flex e-con e-child\" data-id=\"8c4edd5\" data-element_type=\"container\">\n\t\t\t\t<div class=\"elementor-element elementor-element-cee950c elementor-widget elementor-widget-charifund-team-grid-widget\" data-id=\"cee950c\" data-element_type=\"widget\" data-widget_type=\"charifund-team-grid-widget.default\">\n\t\t\t\t<div class=\"elementor-widget-container\">\n\t\t\t\t\t\r\n\t\t\t\r\n\t\t\t<div class=\"team p-0 m-0\">\t\r\n\t\t\t\t<div class=\"team__single-wrapper\">\r\n\t\t\t\t\t<div class=\"team__single van-tilt\">\r\n\t\t\t\t\t\t<div class=\"team__single-thumb\">\r\n\t\t\t\t\t\t\t   \r\n\t\t\t\t\t\t\t\t<img decoding=\"async\" src=\"https:\/\/signevras.org\/wp-content\/uploads\/2025\/09\/manon.png\" alt=\"\"\/>\r\n\t\t\t\t\t\t\t\t\t\t\t\t\t\t<div class=\"team__icons\">\r\n\t\t\t\t\t\t\t\t<div class=\"team__single-content__icon\">\r\n\t\t\t\t\t\t\t\t<i class=\"fa-solid fa-plus\"><\/i>\r\n\t\t\t\t\t\t\t\t<\/div>\r\n\t\t\t\t\t\t\t\t<div class=\"team__single__thumb-social\">\r\n\t\t\t\t\t\t\t\t\t<ul>\r\n\t\t\t\t\t\t\t\t\t\t\t\r\n\t\t\t\t\t\t\t\t\t\t<li>\r\n\t\t\t\t\t\t\t\t\t\t\t<a href=\"#\">\r\n\t\t\t\t\t\t\t\t\t\t\t<i class=\" icon-user-two\"><\/i>\r\n\t\t\t\t\t\t\t\t\t\t\t<\/a>\r\n\t\t\t\t\t\t\t\t\t\t<\/li>\r\n\t\t\t\t\t\t\t\t\t\t\t\t\t\t\t\t\t\t\t<\/ul>\r\n\t\t\t\t\t\t\t\t<\/div>\r\n\t\t\t\t\t\t\t<\/div>\r\n\t\t\t\t\t\t<\/div>\r\n\t\t\t\t\t\t<div class=\"team__single-content\">\r\n\t\t\t\t\t\t\t<h6><a href=\"https:\/\/signevras.org\/index.php\/contact-us\/\">\nManon DEWATTRIPONT<\/a><\/h6>\r\n\t\t\t\t\t\t\t<p>Direction<\/p>\r\n\t\t\t\t\t\t<\/div>\r\n\t\t\t\t\t<\/div>\r\n\t\t\t\t<\/div>\r\n\t\t\t<\/div>\r\n\t\t\t\r\n\r\n             \r\n\t\t\t\t\t\t<\/div>\n\t\t\t\t<\/div>\n\t\t\t\t<div class=\"elementor-element elementor-element-f2c1256 elementor-widget elementor-widget-charifund-team-grid-widget\" data-id=\"f2c1256\" data-element_type=\"widget\" data-widget_type=\"charifund-team-grid-widget.default\">\n\t\t\t\t<div class=\"elementor-widget-container\">\n\t\t\t\t\t\r\n\t\t\t\r\n\t\t\t<div class=\"team p-0 m-0\">\t\r\n\t\t\t\t<div class=\"team__single-wrapper\">\r\n\t\t\t\t\t<div class=\"team__single van-tilt\">\r\n\t\t\t\t\t\t<div class=\"team__single-thumb\">\r\n\t\t\t\t\t\t\t   \r\n\t\t\t\t\t\t\t\t<img decoding=\"async\" src=\"https:\/\/signevras.org\/wp-content\/uploads\/2025\/09\/elodie.png\" alt=\"\"\/>\r\n\t\t\t\t\t\t\t\t\t\t\t\t\t\t<div class=\"team__icons\">\r\n\t\t\t\t\t\t\t\t<div class=\"team__single-content__icon\">\r\n\t\t\t\t\t\t\t\t<i class=\"fa-solid fa-plus\"><\/i>\r\n\t\t\t\t\t\t\t\t<\/div>\r\n\t\t\t\t\t\t\t\t<div class=\"team__single__thumb-social\">\r\n\t\t\t\t\t\t\t\t\t<ul>\r\n\t\t\t\t\t\t\t\t\t\t\t\r\n\t\t\t\t\t\t\t\t\t\t<li>\r\n\t\t\t\t\t\t\t\t\t\t\t<a href=\"#\">\r\n\t\t\t\t\t\t\t\t\t\t\t<i class=\" icon-user-two\"><\/i>\r\n\t\t\t\t\t\t\t\t\t\t\t<\/a>\r\n\t\t\t\t\t\t\t\t\t\t<\/li>\r\n\t\t\t\t\t\t\t\t\t\t\t\t\t\t\t\t\t\t\t<\/ul>\r\n\t\t\t\t\t\t\t\t<\/div>\r\n\t\t\t\t\t\t\t<\/div>\r\n\t\t\t\t\t\t<\/div>\r\n\t\t\t\t\t\t<div class=\"team__single-content\">\r\n\t\t\t\t\t\t\t<h6><a href=\"https:\/\/signevras.org\/index.php\/contact-us\/\">Elodie DELABAYE<\/a><\/h6>\r\n\t\t\t\t\t\t\t<p>Tr\u00e9sori\u00e8re <\/p>\r\n\t\t\t\t\t\t<\/div>\r\n\t\t\t\t\t<\/div>\r\n\t\t\t\t<\/div>\r\n\t\t\t<\/div>\r\n\t\t\t\r\n\r\n             \r\n\t\t\t\t\t\t<\/div>\n\t\t\t\t<\/div>\n\t\t\t\t<div class=\"elementor-element elementor-element-82e05b7 elementor-widget elementor-widget-charifund-team-grid-widget\" data-id=\"82e05b7\" data-element_type=\"widget\" data-widget_type=\"charifund-team-grid-widget.default\">\n\t\t\t\t<div class=\"elementor-widget-container\">\n\t\t\t\t\t\r\n\t\t\t\r\n\t\t\t<div class=\"team p-0 m-0\">\t\r\n\t\t\t\t<div class=\"team__single-wrapper\">\r\n\t\t\t\t\t<div class=\"team__single van-tilt\">\r\n\t\t\t\t\t\t<div class=\"team__single-thumb\">\r\n\t\t\t\t\t\t\t   \r\n\t\t\t\t\t\t\t\t<img decoding=\"async\" src=\"https:\/\/signevras.org\/wp-content\/uploads\/2025\/09\/esmeralda.png\" alt=\"\"\/>\r\n\t\t\t\t\t\t\t\t\t\t\t\t\t\t<div class=\"team__icons\">\r\n\t\t\t\t\t\t\t\t<div class=\"team__single-content__icon\">\r\n\t\t\t\t\t\t\t\t<i class=\"fa-solid fa-plus\"><\/i>\r\n\t\t\t\t\t\t\t\t<\/div>\r\n\t\t\t\t\t\t\t\t<div class=\"team__single__thumb-social\">\r\n\t\t\t\t\t\t\t\t\t<ul>\r\n\t\t\t\t\t\t\t\t\t\t\t\r\n\t\t\t\t\t\t\t\t\t\t<li>\r\n\t\t\t\t\t\t\t\t\t\t\t<a href=\"#\">\r\n\t\t\t\t\t\t\t\t\t\t\t<i class=\" icon-user-two\"><\/i>\r\n\t\t\t\t\t\t\t\t\t\t\t<\/a>\r\n\t\t\t\t\t\t\t\t\t\t<\/li>\r\n\t\t\t\t\t\t\t\t\t\t\t\t\t\t\t\t\t\t\t<\/ul>\r\n\t\t\t\t\t\t\t\t<\/div>\r\n\t\t\t\t\t\t\t<\/div>\r\n\t\t\t\t\t\t<\/div>\r\n\t\t\t\t\t\t<div class=\"team__single-content\">\r\n\t\t\t\t\t\t\t<h6><a href=\"https:\/\/signevras.org\/index.php\/contact-us\/\">Esmeralda MENIS<\/a><\/h6>\r\n\t\t\t\t\t\t\t<p>Secretaire <\/p>\r\n\t\t\t\t\t\t<\/div>\r\n\t\t\t\t\t<\/div>\r\n\t\t\t\t<\/div>\r\n\t\t\t<\/div>\r\n\t\t\t\r\n\r\n             \r\n\t\t\t\t\t\t<\/div>\n\t\t\t\t<\/div>\n\t\t\t\t<div class=\"elementor-element elementor-element-cee8bf7 elementor-widget elementor-widget-charifund-team-grid-widget\" data-id=\"cee8bf7\" data-element_type=\"widget\" data-widget_type=\"charifund-team-grid-widget.default\">\n\t\t\t\t<div class=\"elementor-widget-container\">\n\t\t\t\t\t\r\n\t\t\t\r\n\t\t\t<div class=\"team p-0 m-0\">\t\r\n\t\t\t\t<div class=\"team__single-wrapper\">\r\n\t\t\t\t\t<div class=\"team__single van-tilt\">\r\n\t\t\t\t\t\t<div class=\"team__single-thumb\">\r\n\t\t\t\t\t\t\t   \r\n\t\t\t\t\t\t\t\t<img decoding=\"async\" src=\"https:\/\/signevras.org\/wp-content\/uploads\/2025\/09\/last.png\" alt=\"\"\/>\r\n\t\t\t\t\t\t\t\t\t\t\t\t\t\t<div class=\"team__icons\">\r\n\t\t\t\t\t\t\t\t<div class=\"team__single-content__icon\">\r\n\t\t\t\t\t\t\t\t<i class=\"fa-solid fa-plus\"><\/i>\r\n\t\t\t\t\t\t\t\t<\/div>\r\n\t\t\t\t\t\t\t\t<div class=\"team__single__thumb-social\">\r\n\t\t\t\t\t\t\t\t\t<ul>\r\n\t\t\t\t\t\t\t\t\t\t\t\r\n\t\t\t\t\t\t\t\t\t\t<li>\r\n\t\t\t\t\t\t\t\t\t\t\t<a href=\"#\">\r\n\t\t\t\t\t\t\t\t\t\t\t<i class=\" icon-user-two\"><\/i>\r\n\t\t\t\t\t\t\t\t\t\t\t<\/a>\r\n\t\t\t\t\t\t\t\t\t\t<\/li>\r\n\t\t\t\t\t\t\t\t\t\t\t\t\t\t\t\t\t\t\t<\/ul>\r\n\t\t\t\t\t\t\t\t<\/div>\r\n\t\t\t\t\t\t\t<\/div>\r\n\t\t\t\t\t\t<\/div>\r\n\t\t\t\t\t\t<div class=\"team__single-content\">\r\n\t\t\t\t\t\t\t<h6><a href=\"https:\/\/signevras.org\/index.php\/contact-us\/\">Alexandra SINEIRO<\/a><\/h6>\r\n\t\t\t\t\t\t\t<p>Montage vid\u00e9o<\/p>\r\n\t\t\t\t\t\t<\/div>\r\n\t\t\t\t\t<\/div>\r\n\t\t\t\t<\/div>\r\n\t\t\t<\/div>\r\n\t\t\t\r\n\r\n             \r\n\t\t\t\t\t\t<\/div>\n\t\t\t\t<\/div>\n\t\t\t\t<\/div>\n\t\t\t\t<\/div>\n\t\t\t\t\t<\/div>\n\t\t\t\t<\/div>\n\t\t<div class=\"elementor-element elementor-element-df88248 e-con-full e-flex e-con e-parent\" data-id=\"df88248\" data-element_type=\"container\" data-settings=\"{&quot;background_background&quot;:&quot;classic&quot;}\">\n\t\t<div class=\"elementor-element elementor-element-20e4821 e-flex e-con-boxed e-con e-child\" data-id=\"20e4821\" data-element_type=\"container\">\n\t\t\t\t\t<div class=\"e-con-inner\">\n\t\t\t\t<div class=\"elementor-element elementor-element-1618998 elementor-absolute elementor-hidden-mobile elementor-widget elementor-widget-image\" data-id=\"1618998\" data-element_type=\"widget\" data-settings=\"{&quot;_position&quot;:&quot;absolute&quot;}\" data-widget_type=\"image.default\">\n\t\t\t\t\t\t\t\t\t\t\t\t\t\t\t<img decoding=\"async\" src=\"https:\/\/charifundwp.wowtheme7.com\/wp-content\/uploads\/2025\/01\/sprade-green.png\" title=\"\" alt=\"\" loading=\"lazy\" \/>\t\t\t\t\t\t\t\t\t\t\t\t\t\t\t<\/div>\n\t\t\t\t\t<\/div>\n\t\t\t\t<\/div>\n\t\t<div class=\"elementor-element elementor-element-35520e4 e-con-full e-flex e-con e-child\" data-id=\"35520e4\" data-element_type=\"container\">\n\t\t\t\t<\/div>\n\t\t\t\t<\/div>\n\t\t\t\t<\/div>\n\t\t","protected":false},"excerpt":{"rendered":"<p>Nous militons pour une inclusion r\u00e9elle Qui sommes nous ? SIGNEVRAS ASBL milite pour l\u2019accessibilit\u00e9 et l\u2019inclusion des personnes sourdes et malentendantes dans le domaine de la sant\u00e9 sexuelle. S\u2019engager pour l\u2019accessibilit\u00e9 Rendre l\u2019information en sant\u00e9 sexuelle compr\u00e9hensible et inclusive. Nous cr\u00e9ons et diffusons des contenus \u00c9VRAS en Langue des Signes de Belgique Francophone (LSFB).<\/p>\n","protected":false},"author":2,"featured_media":0,"parent":0,"menu_order":0,"comment_status":"closed","ping_status":"closed","template":"elementor_header_footer","meta":{"give_campaign_id":0,"inline_featured_image":false,"footnotes":""},"class_list":["post-780","page","type-page","status-publish","hentry"],"campaignId":"","_links":{"self":[{"href":"https:\/\/signevras.org\/index.php\/wp-json\/wp\/v2\/pages\/780","targetHints":{"allow":["GET"]}}],"collection":[{"href":"https:\/\/signevras.org\/index.php\/wp-json\/wp\/v2\/pages"}],"about":[{"href":"https:\/\/signevras.org\/index.php\/wp-json\/wp\/v2\/types\/page"}],"author":[{"embeddable":true,"href":"https:\/\/signevras.org\/index.php\/wp-json\/wp\/v2\/users\/2"}],"replies":[{"embeddable":true,"href":"https:\/\/signevras.org\/index.php\/wp-json\/wp\/v2\/comments?post=780"}],"version-history":[{"count":47,"href":"https:\/\/signevras.org\/index.php\/wp-json\/wp\/v2\/pages\/780\/revisions"}],"predecessor-version":[{"id":7588,"href":"https:\/\/signevras.org\/index.php\/wp-json\/wp\/v2\/pages\/780\/revisions\/7588"}],"wp:attachment":[{"href":"https:\/\/signevras.org\/index.php\/wp-json\/wp\/v2\/media?parent=780"}],"curies":[{"name":"wp","href":"https:\/\/api.w.org\/{rel}","templated":true}]}}